{"id":487,"date":"2025-02-14T23:30:29","date_gmt":"2025-02-14T22:30:29","guid":{"rendered":"http:\/\/tattootekstudio.com\/?page_id=487"},"modified":"2025-12-11T18:09:37","modified_gmt":"2025-12-11T17:09:37","slug":"le-shop","status":"publish","type":"page","link":"https:\/\/tattootekstudio.com\/index.php\/le-shop\/","title":{"rendered":"Le Shop"},"content":{"rendered":"\n<div class=\"wp-block-stackable-heading alignwide stk-block-heading stk-block-heading--v2 stk-block stk-bf61fff\" id=\"comment-sy-rendre\" data-block-id=\"bf61fff\"><h2 class=\"stk-block-heading__text has-text-align-center\">Comment s&#8217;y rendre<\/h2><\/div>\n\n\n\n<div class=\"wp-block-stackable-spacer stk-block-spacer stk--no-padding stk-block stk-c819489\" data-block-id=\"c819489\"><\/div>\n\n\n\n<div class=\"wp-block-columns is-layout-flex wp-container-core-columns-is-layout-cf05694f wp-block-columns-is-layout-flex\">\n<div class=\"wp-block-column is-vertically-aligned-center is-layout-constrained wp-container-core-column-is-layout-e0396022 wp-block-column-is-layout-constrained\" style=\"padding-top:0;padding-bottom:0\">\n<div class=\"wp-block-stackable-heading stk-block-heading stk-block-heading--v2 stk-block stk-6053fa8\" id=\"\ud83d\udccc-strong-adresse-strong-strong-30-place-du-lion-d-or-59800-lille-strong\" data-block-id=\"6053fa8\"><h4 class=\"stk-block-heading__text has-text-align-center\">\ud83d\udccc <strong>Adresse<\/strong> : <strong>30 Place du Lion d\u2019Or, 59800 Lille<\/strong><\/h4><\/div>\n\n\n\n<p class=\"has-text-align-center\" style=\"font-size:clamp(14px, 0.875rem + ((1vw - 3.2px) * 0.313), 18px);\">\ud83d\udeb6 <strong>\u00c0 seulement 8 minutes \u00e0 pied<\/strong> de la Gare Lille Flandres.<\/p>\n\n\n\n<p class=\"has-text-align-center\" style=\"font-size:clamp(14px, 0.875rem + ((1vw - 3.2px) * 0.313), 18px);\">\ud83d\ude97&nbsp;<strong>En voiture ?<\/strong>&nbsp;On vous le d\u00e9conseille, mais si besoin, plusieurs&nbsp;<strong>parkings payants<\/strong>&nbsp;sont \u00e0 quelques minutes \u00e0 pied tel que le Parking Lille Op\u00e9ra ou bien le Parking Indigo Vieux Lille<\/p>\n<\/div>\n\n\n\n<div class=\"wp-block-column is-vertically-aligned-center is-layout-constrained wp-block-column-is-layout-constrained\">\n<iframe src=\"https:\/\/www.google.com\/maps\/embed?pb=!1m18!1m12!1m3!1d2127.721713552198!2d3.065787056444331!3d50.64008592179869!2m3!1f0!2f0!3f0!3m2!1i1024!2i768!4f13.1!3m3!1m2!1s0x47c32b9050ccd6d1%3A0xd794b3028f0faa3f!2sTattoo%20Tek%20Studio!5e0!3m2!1sfr!2sfr!4v1738755143561!5m2!1sfr!2sfr\" width=\"400\" height=\"300\" style=\"border:0;\" allowfullscreen=\"\" loading=\"lazy\" referrerpolicy=\"no-referrer-when-downgrade\"><\/iframe>\n<\/div>\n<\/div>\n\n\n\n<div class=\"wp-block-stackable-spacer stk-block-spacer stk--no-padding stk-block stk-de2fe66\" data-block-id=\"de2fe66\"><\/div>\n\n\n\n<div class=\"wp-block-stackable-heading alignfull stk-block-heading stk-block-heading--v2 stk-block stk-172cdb4\" id=\"presentation-du-shop\" data-block-id=\"172cdb4\"><h2 class=\"stk-block-heading__text has-text-align-center\">Pr\u00e9sentation du shop<\/h2><\/div>\n\n\n\n<div class=\"wp-block-stackable-spacer stk-block-spacer stk--no-padding stk-block stk-5028952\" data-block-id=\"5028952\"><\/div>\n\n\n\n<div class=\"wp-block-columns are-vertically-aligned-center is-layout-flex wp-container-core-columns-is-layout-28f84493 wp-block-columns-is-layout-flex\">\n<div class=\"wp-block-column is-vertically-aligned-center is-layout-flow wp-block-column-is-layout-flow\" style=\"flex-basis:66.66%\">\n<p class=\"has-text-align-center\" style=\"margin-right:var(--wp--preset--spacing--50);margin-left:var(--wp--preset--spacing--50);font-size:clamp(14px, 0.875rem + ((1vw - 3.2px) * 0.313), 18px);\">Depuis 2019, <strong>Tattoo Tek Studio<\/strong> est un v\u00e9ritable espace de cr\u00e9ation, pens\u00e9 pour offrir une exp\u00e9rience unique \u00e0 chaque client. Le studio r\u00e9unit des artistes aux styles vari\u00e9s, afin de proposer des cr\u00e9ations adapt\u00e9es \u00e0 tous les go\u00fbts.<\/p>\n\n\n\n<p class=\"has-text-align-center\" style=\"margin-right:var(--wp--preset--spacing--50);margin-left:var(--wp--preset--spacing--50);font-size:clamp(14px, 0.875rem + ((1vw - 3.2px) * 0.313), 18px);\">Plus qu\u2019un simple salon, le shop est un lieu de rencontre pour des passionn\u00e9s venus du monde entier, qu\u2019il s\u2019agisse de clients ou de guests, qui viennent partager et enrichir l\u2019univers artistique du studio.<\/p>\n\n\n\n<p class=\"has-text-align-center\" style=\"margin-right:var(--wp--preset--spacing--50);margin-left:var(--wp--preset--spacing--50);font-size:clamp(14px, 0.875rem + ((1vw - 3.2px) * 0.313), 18px);\">Convivialit\u00e9, professionnalisme et pr\u00e9cision sont au c\u0153ur de notre d\u00e9marche. Chaque projet est r\u00e9alis\u00e9 avec soin, dans le respect des normes d\u2019hygi\u00e8ne les plus strictes, pour un rendu au moins \u00e0 la hauteur des attentes.<\/p>\n<\/div>\n\n\n\n<div class=\"wp-block-column is-vertically-aligned-center is-layout-flow wp-block-column-is-layout-flow\" style=\"flex-basis:50%\">\n<figure class=\"wp-block-image size-full wp-duotone-grayscale\"><img loading=\"lazy\" decoding=\"async\" width=\"488\" height=\"717\" src=\"https:\/\/tattootekstudio.com\/wp-content\/uploads\/2025\/02\/IMG_20200312_125349.jpg\" alt=\"\" class=\"wp-image-433\" style=\"aspect-ratio:1;object-fit:cover\" srcset=\"https:\/\/tattootekstudio.com\/wp-content\/uploads\/2025\/02\/IMG_20200312_125349.jpg 488w, https:\/\/tattootekstudio.com\/wp-content\/uploads\/2025\/02\/IMG_20200312_125349-204x300.jpg 204w\" sizes=\"auto, (max-width: 488px) 100vw, 488px\" \/><\/figure>\n<\/div>\n<\/div>\n\n\n\n<div class=\"wp-block-stackable-spacer stk-block-spacer stk--no-padding stk-block stk-171969e\" data-block-id=\"171969e\"><\/div>\n\n\n\n<div class=\"wp-block-stackable-heading stk-block-heading stk-block-heading--v2 stk-block stk-56173e2\" id=\"services-proposes\" data-block-id=\"56173e2\"><h2 class=\"stk-block-heading__text has-text-align-center\">Services propos\u00e9s<\/h2><\/div>\n\n\n\n<div class=\"wp-block-stackable-spacer stk-block-spacer stk--no-padding stk-block stk-5a7bf2b\" data-block-id=\"5a7bf2b\"><\/div>\n\n\n\n<div class=\"wp-block-columns is-layout-flex wp-container-core-columns-is-layout-28f84493 wp-block-columns-is-layout-flex\">\n<div class=\"wp-block-column is-layout-flow wp-block-column-is-layout-flow\" style=\"flex-basis:50%\">\n<figure class=\"wp-block-image size-full wp-duotone-grayscale\"><img loading=\"lazy\" decoding=\"async\" width=\"1040\" height=\"660\" src=\"https:\/\/tattootekstudio.com\/wp-content\/uploads\/2025\/02\/Shop.png\" alt=\"\" class=\"wp-image-434\" style=\"aspect-ratio:1;object-fit:cover\" srcset=\"https:\/\/tattootekstudio.com\/wp-content\/uploads\/2025\/02\/Shop.png 1040w, https:\/\/tattootekstudio.com\/wp-content\/uploads\/2025\/02\/Shop-300x190.png 300w, https:\/\/tattootekstudio.com\/wp-content\/uploads\/2025\/02\/Shop-1024x650.png 1024w\" sizes=\"auto, (max-width: 1040px) 100vw, 1040px\" \/><\/figure>\n<\/div>\n\n\n\n<div class=\"wp-block-column is-vertically-aligned-center is-layout-flow wp-block-column-is-layout-flow\" style=\"flex-basis:66.66%\">\n<p class=\"has-text-align-center\" style=\"margin-right:var(--wp--preset--spacing--80);margin-left:var(--wp--preset--spacing--80);font-size:clamp(14px, 0.875rem + ((1vw - 3.2px) * 0.313), 18px);\">Chez <strong>Tattoo Tek Studio<\/strong>, nous ne proposons pas de piercings. Le studio est enti\u00e8rement d\u00e9di\u00e9 au tatouage, r\u00e9alis\u00e9 de mani\u00e8re personnalis\u00e9e selon les envies et le style de chacun. Certains de nos artistes proposent \u00e9galement des <strong>flashs<\/strong>, \u00e0 d\u00e9couvrir sur place et sur leur compte Instagram.<br><br>Le studio organise r\u00e9guli\u00e8rement des <strong>Flash Days<\/strong> et participe \u00e0 des <strong>conventions<\/strong> en France, en Belgique et \u00e0 l\u2019international. Par ailleurs, nous exposons et mettons parfois en vente d\u2019autres cr\u00e9ations de nos artistes, telles que des dessins, toiles, t-shirts ou diverses \u0153uvres sur diff\u00e9rents supports. Pour rester inform\u00e9 de toutes nos actualit\u00e9s et \u00e9v\u00e9nements, suivez-nous sur Instagram !<\/p>\n\n\n\n<div class=\"wp-block-stackable-icon stk-block-icon has-text-align-center stk-block stk-5f38d43\" data-block-id=\"5f38d43\"><style>.stk-5f38d43 .stk--svg-wrapper .stk--inner-svg svg:last-child, .stk-5f38d43 .stk--svg-wrapper .stk--inner-svg svg:last-child :is(g, path, rect, polygon, ellipse){fill:#ffffff !important;}<\/style><a class=\"stk-link\" href=\"https:\/\/www.instagram.com\/tattootekstudio\/\" target=\"_blank\" rel=\"noreferrer noopener\"><span class=\"stk--svg-wrapper\"><div class=\"stk--inner-svg\"><svg style=\"height:0;width:0\"><defs><linearGradient id=\"linear-gradient-5f38d43\" x1=\"0\" x2=\"100%\" y1=\"0\" y2=\"0\"><stop offset=\"0%\" style=\"stop-opacity:1;stop-color:var(--linear-gradient-5-f-38-d-43-color-1)\"><\/stop><stop offset=\"100%\" style=\"stop-opacity:1;stop-color:var(--linear-gradient-5-f-38-d-43-color-2)\"><\/stop><\/linearGradient><\/defs><\/svg><svg xmlns=\"http:\/\/www.w3.org\/2000\/svg\" viewBox=\"0 0 448 512\" aria-hidden=\"true\" width=\"32\" height=\"32\"><path d=\"M224.1 141c-63.6 0-114.9 51.3-114.9 114.9s51.3 114.9 114.9 114.9S339 319.5 339 255.9 287.7 141 224.1 141zm0 189.6c-41.1 0-74.7-33.5-74.7-74.7s33.5-74.7 74.7-74.7 74.7 33.5 74.7 74.7-33.6 74.7-74.7 74.7zm146.4-194.3c0 14.9-12 26.8-26.8 26.8-14.9 0-26.8-12-26.8-26.8s12-26.8 26.8-26.8 26.8 12 26.8 26.8zm76.1 27.2c-1.7-35.9-9.9-67.7-36.2-93.9-26.2-26.2-58-34.4-93.9-36.2-37-2.1-147.9-2.1-184.9 0-35.8 1.7-67.6 9.9-93.9 36.1s-34.4 58-36.2 93.9c-2.1 37-2.1 147.9 0 184.9 1.7 35.9 9.9 67.7 36.2 93.9s58 34.4 93.9 36.2c37 2.1 147.9 2.1 184.9 0 35.9-1.7 67.7-9.9 93.9-36.2 26.2-26.2 34.4-58 36.2-93.9 2.1-37 2.1-147.8 0-184.8zM398.8 388c-7.8 19.6-22.9 34.7-42.6 42.6-29.5 11.7-99.5 9-132.1 9s-102.7 2.6-132.1-9c-19.6-7.8-34.7-22.9-42.6-42.6-11.7-29.5-9-99.5-9-132.1s-2.6-102.7 9-132.1c7.8-19.6 22.9-34.7 42.6-42.6 29.5-11.7 99.5-9 132.1-9s102.7-2.6 132.1 9c19.6 7.8 34.7 22.9 42.6 42.6 11.7 29.5 9 99.5 9 132.1s2.7 102.7-9 132.1z\"><\/path><\/svg><\/div><\/span><\/a><\/div>\n<\/div>\n<\/div>\n\n\n\n<div class=\"wp-block-stackable-spacer stk-block-spacer stk--no-padding stk-block stk-5d12bc3\" data-block-id=\"5d12bc3\"><style>.stk-5d12bc3 {height:60px !important;}<\/style><\/div>\n\n\n\n<div class=\"wp-block-stackable-heading stk-block-heading stk-block-heading--v2 stk-block stk-a704c16\" id=\"prendre-rendez-vous\" data-block-id=\"a704c16\"><h2 class=\"stk-block-heading__text has-text-align-center\">Prendre rendez-vous<\/h2><\/div>\n\n\n\n<p class=\"has-text-align-center\" style=\"margin-top:var(--wp--preset--spacing--30);margin-right:var(--wp--preset--spacing--80);margin-bottom:var(--wp--preset--spacing--30);margin-left:var(--wp--preset--spacing--80)\">Le <strong>premier contact<\/strong> peut se faire directement au shop sur nos horaires d&#8217;ouverture, par mail \u00e0 <strong><a>tattootekstudio@gmail.com<\/a><\/strong>, ou via les messages priv\u00e9s <strong>des artistes<\/strong> (et non du shop) sur Instagram. Cela permet d\u2019\u00e9changer sur votre projet et de r\u00e9pondre \u00e0 vos premi\u00e8res questions.<br><br>Pour garantir une relation de confiance et un premier \u00e9change humain entre le client et l\u2019artiste, la <strong>prise de rendez-vous d\u00e9finitive et le d\u00e9p\u00f4t de l\u2019acompte<\/strong> se font en principe <strong>en pr\u00e9sentiel au shop<\/strong>, sauf exceptions pour les clients internationaux.<br><br>Si vous n\u2019avez pas d\u2019artiste en particulier en t\u00eate, nous vous orienterons vers celui dont le style correspond le mieux \u00e0 votre projet, afin de r\u00e9aliser un tatouage qui vous ressemble. N&#8217;h\u00e9sitez tout de m\u00eame pas \u00e0 vous renseigner sur les styles des artistes avant.<\/p>\n\n\n\n<div class=\"wp-block-stackable-spacer stk-block-spacer stk--no-padding stk-block stk-d083c81\" data-block-id=\"d083c81\"><\/div>\n\n\n\n<div class=\"wp-block-stackable-button-group alignfull stk-block-button-group stk-block stk-949aa27\" data-block-id=\"949aa27\"><div class=\"stk-row stk-inner-blocks has-text-align-center stk-block-content stk-button-group\">\n<div class=\"wp-block-stackable-button stk-block-button has-text-align-center stk-block stk-3749145\" data-block-id=\"3749145\"><style>.stk-3749145 .stk-button{background:#3e3e3e !important;}.stk-3749145 .stk-button:before{border-color:#727272 !important;}.stk-3749145 .stk-button .stk--inner-svg svg:last-child, .stk-3749145 .stk-button .stk--inner-svg svg:last-child :is(g, path, rect, polygon, ellipse){fill:#727272 !important;}<\/style><a class=\"stk-link stk-button stk--hover-effect-darken\" href=\"https:\/\/tattootekstudio.com\/index.php\/contact\/#contact-form\"><span class=\"stk-button__inner-text\">Formulaire de contact<\/span><\/a><\/div>\n<\/div><\/div>\n\n\n\n<div class=\"wp-block-stackable-spacer stk-block-spacer stk--no-padding stk-block stk-e2ce41d\" data-block-id=\"e2ce41d\"><\/div>\n","protected":false},"excerpt":{"rendered":"<p>Comment s&#8217;y rendre \ud83d\udccc Adresse : 30 Place du Lion d\u2019Or, 59800 Lille \ud83d\udeb6 \u00c0 seulement 8 minutes \u00e0 pied de la Gare Lille Flandres. \ud83d\ude97&nbsp;En voiture ?&nbsp;On vous le d\u00e9conseille, mais si besoin, plusieurs&nbsp;parkings payants&nbsp;sont \u00e0 quelques minutes \u00e0 pied tel que le Parking Lille Op\u00e9ra ou bien le Parking Indigo Vieux Lille Pr\u00e9sentation [&hellip;]<\/p>\n","protected":false},"author":1,"featured_media":0,"parent":0,"menu_order":0,"comment_status":"closed","ping_status":"closed","template":"","meta":{"_gspb_post_css":"","footnotes":""},"class_list":["post-487","page","type-page","status-publish","hentry"],"blocksy_meta":[],"_links":{"self":[{"href":"https:\/\/tattootekstudio.com\/index.php\/wp-json\/wp\/v2\/pages\/487","targetHints":{"allow":["GET"]}}],"collection":[{"href":"https:\/\/tattootekstudio.com\/index.php\/wp-json\/wp\/v2\/pages"}],"about":[{"href":"https:\/\/tattootekstudio.com\/index.php\/wp-json\/wp\/v2\/types\/page"}],"author":[{"embeddable":true,"href":"https:\/\/tattootekstudio.com\/index.php\/wp-json\/wp\/v2\/users\/1"}],"replies":[{"embeddable":true,"href":"https:\/\/tattootekstudio.com\/index.php\/wp-json\/wp\/v2\/comments?post=487"}],"version-history":[{"count":51,"href":"https:\/\/tattootekstudio.com\/index.php\/wp-json\/wp\/v2\/pages\/487\/revisions"}],"predecessor-version":[{"id":1238,"href":"https:\/\/tattootekstudio.com\/index.php\/wp-json\/wp\/v2\/pages\/487\/revisions\/1238"}],"wp:attachment":[{"href":"https:\/\/tattootekstudio.com\/index.php\/wp-json\/wp\/v2\/media?parent=487"}],"curies":[{"name":"wp","href":"https:\/\/api.w.org\/{rel}","templated":true}]}}